{"id":776,"date":"2025-12-18T09:36:52","date_gmt":"2025-12-18T09:36:52","guid":{"rendered":"https:\/\/snow-motion.ch\/Wordpress\/?page_id=776"},"modified":"2025-12-18T20:27:44","modified_gmt":"2025-12-18T20:27:44","slug":"preise-2","status":"publish","type":"page","link":"https:\/\/snow-motion.ch\/Wordpress\/?page_id=776","title":{"rendered":"Preise"},"content":{"rendered":"\n<div class=\"wp-block-columns is-layout-flex wp-container-core-columns-is-layout-9d6595d7 wp-block-columns-is-layout-flex\">\n<div class=\"wp-block-column is-layout-flow wp-block-column-is-layout-flow\" style=\"flex-basis:50%\">\n<figure class=\"wp-block-image size-large is-resized\"><img loading=\"lazy\" decoding=\"async\" width=\"651\" height=\"1024\" src=\"https:\/\/snow-motion.ch\/Wordpress\/wp-content\/uploads\/2024\/12\/IMG_4410-651x1024.jpg\" alt=\"\" class=\"wp-image-749\" style=\"width:578px;height:433px\" srcset=\"https:\/\/snow-motion.ch\/Wordpress\/wp-content\/uploads\/2024\/12\/IMG_4410-651x1024.jpg 651w, https:\/\/snow-motion.ch\/Wordpress\/wp-content\/uploads\/2024\/12\/IMG_4410-191x300.jpg 191w, https:\/\/snow-motion.ch\/Wordpress\/wp-content\/uploads\/2024\/12\/IMG_4410-768x1208.jpg 768w, https:\/\/snow-motion.ch\/Wordpress\/wp-content\/uploads\/2024\/12\/IMG_4410-976x1536.jpg 976w, https:\/\/snow-motion.ch\/Wordpress\/wp-content\/uploads\/2024\/12\/IMG_4410.jpg 1125w\" sizes=\"auto, (max-width: 651px) 85vw, 651px\" \/><\/figure>\n<\/div>\n\n\n\n<div class=\"wp-block-column is-layout-flow wp-block-column-is-layout-flow\" style=\"flex-basis:50%\">\n<p class=\"has-very-dark-gray-color has-text-color has-background has-regular-font-size\" style=\"background-color:#d4dae5\">1 Lektion dauert 50 Minuten<\/p>\n\n\n\n<p class=\"has-very-dark-gray-color has-text-color has-background has-regular-font-size\" style=\"background-color:#d4dae5\">Sprache:   CH &#8211; D &#8211; E &#8211; HU <\/p>\n<\/div>\n<\/div>\n\n\n\n<div class=\"wp-block-columns is-layout-flex wp-container-core-columns-is-layout-9d6595d7 wp-block-columns-is-layout-flex\">\n<div class=\"wp-block-column is-layout-flow wp-block-column-is-layout-flow\">\n<p class=\"has-very-dark-gray-color has-text-color has-background has-regular-font-size\" style=\"background-color:#d4dae5\"><strong>Tag: Preise f\u00fcr 1 Person<br><\/strong>1 Lektion&nbsp;&nbsp;&nbsp;&nbsp;&nbsp;CHF&nbsp;&nbsp;&nbsp;80.-<br>2 Lektionen CHF 140.-<br>3 Lektionen CHF 195.-<\/p>\n\n\n\n<p class=\"has-very-dark-gray-color has-text-color has-background has-regular-font-size\" style=\"background-color:#d4dae5\"><strong>Halber Tag f\u00fcr 1 Perso<\/strong>n 8.30 &#8211; 12.00 Uhr \u00a0\u00a0CHF 225.-<br><strong>Ganzer Tag f\u00fcr 1 Person<\/strong>\u00a0\u00a0\u00a0\u00a0\u00a0\u00a0\u00a0\u00a0 +13.00-16.30 Uhr CHF 420.-<\/p>\n<\/div>\n\n\n\n<div class=\"wp-block-column is-layout-flow wp-block-column-is-layout-flow\">\n<p class=\"has-very-dark-gray-color has-text-color has-background has-regular-font-size\" style=\"background-color:#d4dae5\"><strong>Tag:<\/strong> <strong>Preise f\u00fcr 2 Personen<\/strong><br>1 Lektion&nbsp;&nbsp;&nbsp;&nbsp;&nbsp;CHF 120.-<br>2 Lektionen CHF 200.-<br>3 Lektionen CHF 270.-<\/p>\n\n\n\n<p class=\"has-very-dark-gray-color has-text-color has-background has-regular-font-size\" style=\"background-color:#d4dae5\"><strong>Halber Tag f\u00fcr 2 Personen&nbsp;&nbsp;&nbsp; <\/strong>&nbsp;8.30 &#8211; 12.00 Uhr   CHF 310.-<br><strong>Ganzer Tag f\u00fcr 2 Personen&nbsp;&nbsp; <\/strong>+13.00-16.30 Uhr CHF 560.-<\/p>\n<\/div>\n<\/div>\n\n\n\n<div class=\"wp-block-columns is-layout-flex wp-container-core-columns-is-layout-9d6595d7 wp-block-columns-is-layout-flex\">\n<div class=\"wp-block-column is-vertically-aligned-top is-layout-flow wp-block-column-is-layout-flow\">\n<p class=\"has-very-dark-gray-color has-text-color has-background has-regular-font-size\" style=\"background-color:#d4dae5\"><strong>Woche:<\/strong> <strong>Preise f\u00fcr 1 Person<\/strong><br>5 x 2 Lektionen&nbsp;&nbsp;&nbsp;CHF   600.- <br>5 x 3 Lektionen&nbsp;&nbsp;&nbsp;CHF   850.- <\/p>\n<\/div>\n\n\n\n<div class=\"wp-block-column is-layout-flow wp-block-column-is-layout-flow\">\n<p class=\"has-very-dark-gray-color has-text-color has-background has-regular-font-size\" style=\"background-color:#d4dae5\"><strong>Wo:<\/strong> <strong>Preise f\u00fcr 2 Personen<\/strong><br>5 x 2 Lektionen&nbsp;&nbsp;&nbsp;CHF &nbsp;&nbsp;800.- <br>5 x 3 Lektionen&nbsp;&nbsp;&nbsp;CHF 1080.-<\/p>\n<\/div>\n<\/div>\n\n\n\n<div class=\"wp-block-columns is-layout-flex wp-container-core-columns-is-layout-9d6595d7 wp-block-columns-is-layout-flex\">\n<div class=\"wp-block-column is-layout-flow wp-block-column-is-layout-flow\">\n<p class=\"has-very-dark-gray-color has-text-color has-background has-regular-font-size\" style=\"background-color:#d4dae5\"><strong>Abos: Preise f\u00fcr 1 Person <br><\/strong>10 Lekt. Flex &nbsp;&nbsp;CHF &nbsp;&nbsp;600.-<br>20 Lekt. Flex &nbsp;CHF 1&#8217;100.-<\/p>\n<\/div>\n\n\n\n<div class=\"wp-block-column is-layout-flow wp-block-column-is-layout-flow\">\n<p class=\"has-very-dark-gray-color has-text-color has-background has-regular-font-size\" style=\"background-color:#d4dae5\"><strong>Abos:<\/strong> <strong>Preise f\u00fcr 2 <span style=\"font-weight: 600;\">Person<\/span>en <br><\/strong>10 Lekt. Flex &nbsp;&nbsp;CHF &nbsp;&nbsp;&nbsp;800.-<br>20 Lekt. Flex &nbsp;CHF 1&#8217;400.-<\/p>\n<\/div>\n<\/div>\n\n\n\n<div class=\"wp-block-columns is-layout-flex wp-container-core-columns-is-layout-9d6595d7 wp-block-columns-is-layout-flex\">\n<div class=\"wp-block-column is-layout-flow wp-block-column-is-layout-flow\">\n<p class=\"has-background\" style=\"background-color:#d4dae5\"><strong>Preise f\u00fcr Familien und Gruppen auf Anfrage<\/strong><\/p>\n<\/div>\n<\/div>\n\n\n\n<p class=\"Hinter has-background has-regular-font-size\" style=\"background-color:#d4dae5\"><strong><a href=\"http:\/\/www.soerenberg.ch\" data-type=\"URL\" data-id=\"www.soerenberg.ch\" target=\"_blank\" rel=\"noreferrer noopener\">Bergbahnen S\u00f6renberg<\/a><\/strong> <br>Skiabos, Tages- und Mehrtageskarten sind in den Lektions Tarifen nicht enthalten.<br>Snow Motion kann f\u00fcr Sie verg\u00fcnstigte Tages- und Mehrtageskarten zum Gruppentarif besorgen.<\/p>\n\n\n\n<p class=\"has-background has-regular-font-size\" style=\"background-color:#d4dae5\"><strong><a rel=\"noreferrer noopener\" aria-label=\"St\u00f6ckli Miet- und Testcenter S\u00f6renberg (\u00f6ffnet in neuem Tab)\" href=\"https:\/\/getmyski.com\/de\/destinationen\/sorenberg\" target=\"_blank\">St\u00f6ckli Miet- und Testcenter S\u00f6renberg<\/a> <\/strong><br>Brauchen Sie noch eine Skiausr\u00fcstung?<br>Via Snow Motion erhalten Sie 10% Rabatt auf das aktuelle Mietangebot.<br><\/p>\n\n\n\n<p class=\"has-very-dark-gray-color has-text-color has-background has-regular-font-size\" style=\"background-color:#d4dae5\"><strong>Privatunterricht in einem anderen Skigebiet<\/strong><br>Es fallen zus\u00e4tzliche Kosten f\u00fcr Reise, Skipass sowie allf\u00e4llige \u00dcbernachtungen an.<\/p>\n\n\n\n<p class=\"has-very-dark-gray-color has-text-color has-background has-regular-font-size\" style=\"background-color:#d4dae5\"><strong>Bankverbindung<br><\/strong>Raiffeisenbank im Entlebuch   <br>Snow Motion &#8211; Private SkischulE. Berg <br>IBAN CH31 8080 8004 0112 1959 4<\/p>\n","protected":false},"excerpt":{"rendered":"<p>1 Lektion dauert 50 Minuten Sprache: CH &#8211; D &#8211; E &#8211; HU Tag: Preise f\u00fcr 1 Person1 Lektion&nbsp;&nbsp;&nbsp;&nbsp;&nbsp;CHF&nbsp;&nbsp;&nbsp;80.-2 Lektionen CHF 140.-3 Lektionen CHF 195.- Halber Tag f\u00fcr 1 Person 8.30 &#8211; 12.00 Uhr \u00a0\u00a0CHF 225.-Ganzer Tag f\u00fcr 1 Person\u00a0\u00a0\u00a0\u00a0\u00a0\u00a0\u00a0\u00a0 +13.00-16.30 Uhr CHF 420.- Tag: Preise f\u00fcr 2 Personen1 Lektion&nbsp;&nbsp;&nbsp;&nbsp;&nbsp;CHF 120.-2 Lektionen CHF 200.-3 Lektionen &hellip; <a href=\"https:\/\/snow-motion.ch\/Wordpress\/?page_id=776\" class=\"more-link\"><span class=\"screen-reader-text\">\u201ePreise\u201c <\/span>weiterlesen<\/a><\/p>\n","protected":false},"author":1,"featured_media":0,"parent":0,"menu_order":0,"comment_status":"closed","ping_status":"closed","template":"","meta":{"ngg_post_thumbnail":0,"footnotes":""},"class_list":["post-776","page","type-page","status-publish","hentry"],"_links":{"self":[{"href":"https:\/\/snow-motion.ch\/Wordpress\/index.php?rest_route=\/wp\/v2\/pages\/776","targetHints":{"allow":["GET"]}}],"collection":[{"href":"https:\/\/snow-motion.ch\/Wordpress\/index.php?rest_route=\/wp\/v2\/pages"}],"about":[{"href":"https:\/\/snow-motion.ch\/Wordpress\/index.php?rest_route=\/wp\/v2\/types\/page"}],"author":[{"embeddable":true,"href":"https:\/\/snow-motion.ch\/Wordpress\/index.php?rest_route=\/wp\/v2\/users\/1"}],"replies":[{"embeddable":true,"href":"https:\/\/snow-motion.ch\/Wordpress\/index.php?rest_route=%2Fwp%2Fv2%2Fcomments&post=776"}],"version-history":[{"count":9,"href":"https:\/\/snow-motion.ch\/Wordpress\/index.php?rest_route=\/wp\/v2\/pages\/776\/revisions"}],"predecessor-version":[{"id":822,"href":"https:\/\/snow-motion.ch\/Wordpress\/index.php?rest_route=\/wp\/v2\/pages\/776\/revisions\/822"}],"wp:attachment":[{"href":"https:\/\/snow-motion.ch\/Wordpress\/index.php?rest_route=%2Fwp%2Fv2%2Fmedia&parent=776"}],"curies":[{"name":"wp","href":"https:\/\/api.w.org\/{rel}","templated":true}]}}