{"id":71,"date":"2019-12-08T17:10:37","date_gmt":"2019-12-08T17:10:37","guid":{"rendered":"https:\/\/snow-motion.ch\/Wordpress\/?page_id=71"},"modified":"2026-02-14T15:36:33","modified_gmt":"2026-02-14T15:36:33","slug":"links","status":"publish","type":"page","link":"https:\/\/snow-motion.ch\/Wordpress\/?page_id=71","title":{"rendered":"Links"},"content":{"rendered":"\n<ul class=\"wp-block-list\">\n<li><strong><a aria-label=\"S\u00f6renberg Fl\u00fchli Tourismus (\u00f6ffnet in neuem Tab)\" href=\"https:\/\/www.soerenberg.ch\/de\/\" target=\"_blank\" rel=\"noreferrer noopener\">S\u00f6renberg Fl\u00fchli Entlebuch Luzern<\/a><\/strong><\/li>\n\n\n\n<li><strong><a href=\"https:\/\/www.plusport.ch\/de\/\" target=\"_blank\" rel=\"noreferrer noopener\">PluSport<\/a><\/strong>  Behindertensport Schweiz<\/li>\n\n\n\n<li><strong><a href=\"http:\/\/www.cerebral.ch\">cerebral<\/a><\/strong> Schweizerische Stiftung f\u00fcr das cerebral gel\u00e4hmte Kind<\/li>\n\n\n\n<li><a href=\"http:\/\/www.skiclub-hasle.ch\"><strong>Skiclub Hasle<\/strong><\/a><\/li>\n\n\n\n<li><a href=\"http:\/\/www.hotel-rischli.ch\"><strong>RISCHLI<\/strong><\/a>  Kulinarik Wellness Seminar<\/li>\n\n\n\n<li><a href=\"http:\/\/www.stoeckli.ch\"><strong>St\u00f6ckli<\/strong><\/a><\/li>\n\n\n\n<li><a href=\"http:\/\/carvingsport.ch\"><strong>S\u00f6renberg Carving Sport<\/strong><\/a><\/li>\n\n\n\n<li><a href=\"http:\/\/www.casareiner.ch\"><strong>Casa Reiner<\/strong><\/a> Ferien in Brissago f\u00fcr Familien mit Menschen mit Handicap<\/li>\n<\/ul>\n\n\n\n<p><\/p>\n","protected":false},"excerpt":{"rendered":"","protected":false},"author":1,"featured_media":0,"parent":0,"menu_order":0,"comment_status":"closed","ping_status":"closed","template":"","meta":{"ngg_post_thumbnail":0,"footnotes":""},"class_list":["post-71","page","type-page","status-publish","hentry"],"_links":{"self":[{"href":"https:\/\/snow-motion.ch\/Wordpress\/index.php?rest_route=\/wp\/v2\/pages\/71","targetHints":{"allow":["GET"]}}],"collection":[{"href":"https:\/\/snow-motion.ch\/Wordpress\/index.php?rest_route=\/wp\/v2\/pages"}],"about":[{"href":"https:\/\/snow-motion.ch\/Wordpress\/index.php?rest_route=\/wp\/v2\/types\/page"}],"author":[{"embeddable":true,"href":"https:\/\/snow-motion.ch\/Wordpress\/index.php?rest_route=\/wp\/v2\/users\/1"}],"replies":[{"embeddable":true,"href":"https:\/\/snow-motion.ch\/Wordpress\/index.php?rest_route=%2Fwp%2Fv2%2Fcomments&post=71"}],"version-history":[{"count":20,"href":"https:\/\/snow-motion.ch\/Wordpress\/index.php?rest_route=\/wp\/v2\/pages\/71\/revisions"}],"predecessor-version":[{"id":835,"href":"https:\/\/snow-motion.ch\/Wordpress\/index.php?rest_route=\/wp\/v2\/pages\/71\/revisions\/835"}],"wp:attachment":[{"href":"https:\/\/snow-motion.ch\/Wordpress\/index.php?rest_route=%2Fwp%2Fv2%2Fmedia&parent=71"}],"curies":[{"name":"wp","href":"https:\/\/api.w.org\/{rel}","templated":true}]}}