{"id":57,"date":"2019-12-08T16:15:06","date_gmt":"2019-12-08T16:15:06","guid":{"rendered":"https:\/\/snow-motion.ch\/Wordpress\/?page_id=57"},"modified":"2024-12-21T17:12:11","modified_gmt":"2024-12-21T17:12:11","slug":"galerie","status":"publish","type":"page","link":"https:\/\/snow-motion.ch\/Wordpress\/?page_id=57","title":{"rendered":"Galerie"},"content":{"rendered":"<div class=\"wp-block-image\">\n<figure class=\"aligncenter size-large\"><img loading=\"lazy\" decoding=\"async\" width=\"1024\" height=\"1024\" src=\"https:\/\/snow-motion.ch\/Wordpress\/wp-content\/uploads\/2019\/12\/IMG_0047-1-1024x1024.jpg\" alt=\"\" class=\"wp-image-135\" srcset=\"https:\/\/snow-motion.ch\/Wordpress\/wp-content\/uploads\/2019\/12\/IMG_0047-1-1024x1024.jpg 1024w, https:\/\/snow-motion.ch\/Wordpress\/wp-content\/uploads\/2019\/12\/IMG_0047-1-300x300.jpg 300w, https:\/\/snow-motion.ch\/Wordpress\/wp-content\/uploads\/2019\/12\/IMG_0047-1-150x150.jpg 150w, https:\/\/snow-motion.ch\/Wordpress\/wp-content\/uploads\/2019\/12\/IMG_0047-1-768x768.jpg 768w, https:\/\/snow-motion.ch\/Wordpress\/wp-content\/uploads\/2019\/12\/IMG_0047-1-1536x1536.jpg 1536w, https:\/\/snow-motion.ch\/Wordpress\/wp-content\/uploads\/2019\/12\/IMG_0047-1-2048x2048.jpg 2048w\" sizes=\"auto, (max-width: 709px) 85vw, (max-width: 909px) 67vw, (max-width: 1362px) 62vw, 840px\" \/><\/figure>\n<\/div>\n\n\n<p class=\"has-text-align-center has-pale-cyan-blue-color has-text-color\" style=\"font-size:24px\">           SportArt<\/p>\n\n\n\n<hr class=\"wp-block-separator has-text-color has-css-opacity has-background\" style=\"background-color:#ffffff;color:#ffffff\"\/>\n\n\n\n<figure class=\"wp-block-video\"><video height=\"1080\" style=\"aspect-ratio: 1920 \/ 1080;\" width=\"1920\" controls src=\"https:\/\/snow-motion.ch\/Wordpress\/wp-content\/uploads\/2019\/12\/IMG_8470.mov\" playsinline><\/video><\/figure>\n\n\n\n<p class=\"has-text-align-center has-pale-cyan-blue-color has-text-color\" style=\"font-size:24px\">Lernen<\/p>\n\n\n\n<hr class=\"wp-block-separator has-text-color has-css-opacity has-background\" style=\"background-color:#ffffff;color:#ffffff\"\/>\n\n\n\n<figure class=\"wp-block-video\"><video height=\"1080\" style=\"aspect-ratio: 1920 \/ 1080;\" width=\"1920\" controls muted src=\"https:\/\/snow-motion.ch\/Wordpress\/wp-content\/uploads\/2020\/01\/IMG_1543-1.mov\" playsinline><\/video><\/figure>\n\n\n\n<p class=\"has-text-align-center has-pale-cyan-blue-color has-text-color\" style=\"font-size:24px\">\u00dcbung macht den Meister<\/p>\n\n\n\n<hr class=\"wp-block-separator has-text-color has-css-opacity has-background\" style=\"background-color:#ffffff;color:#ffffff\"\/>\n\n\n<div class=\"wp-block-image\">\n<figure class=\"aligncenter size-large\"><img loading=\"lazy\" decoding=\"async\" width=\"692\" height=\"1024\" src=\"https:\/\/snow-motion.ch\/Wordpress\/wp-content\/uploads\/2019\/12\/20170118_112958-Kopie-692x1024.jpeg\" alt=\"\" class=\"wp-image-289\" srcset=\"https:\/\/snow-motion.ch\/Wordpress\/wp-content\/uploads\/2019\/12\/20170118_112958-Kopie-692x1024.jpeg 692w, https:\/\/snow-motion.ch\/Wordpress\/wp-content\/uploads\/2019\/12\/20170118_112958-Kopie-203x300.jpeg 203w, https:\/\/snow-motion.ch\/Wordpress\/wp-content\/uploads\/2019\/12\/20170118_112958-Kopie-768x1136.jpeg 768w, https:\/\/snow-motion.ch\/Wordpress\/wp-content\/uploads\/2019\/12\/20170118_112958-Kopie-1038x1536.jpeg 1038w, https:\/\/snow-motion.ch\/Wordpress\/wp-content\/uploads\/2019\/12\/20170118_112958-Kopie.jpeg 1310w\" sizes=\"auto, (max-width: 692px) 85vw, 692px\" \/><\/figure>\n<\/div>\n\n\n<p class=\"has-text-align-center has-pale-cyan-blue-color has-text-color\" style=\"font-size:24px\">Neues Wagen <\/p>\n\n\n\n<hr class=\"wp-block-separator has-text-color has-css-opacity has-background\" style=\"background-color:#ffffff;color:#ffffff\"\/>\n\n\n<div class=\"wp-block-image\">\n<figure class=\"aligncenter size-large\"><img loading=\"lazy\" decoding=\"async\" width=\"754\" height=\"746\" src=\"https:\/\/snow-motion.ch\/Wordpress\/wp-content\/uploads\/2019\/12\/Bildschirmfoto-2019-12-14-um-10.01.07.png\" alt=\"\" class=\"wp-image-217\" srcset=\"https:\/\/snow-motion.ch\/Wordpress\/wp-content\/uploads\/2019\/12\/Bildschirmfoto-2019-12-14-um-10.01.07.png 754w, https:\/\/snow-motion.ch\/Wordpress\/wp-content\/uploads\/2019\/12\/Bildschirmfoto-2019-12-14-um-10.01.07-300x297.png 300w\" sizes=\"auto, (max-width: 754px) 85vw, 754px\" \/><\/figure>\n<\/div>\n\n\n<p class=\"has-text-align-center has-pale-cyan-blue-color has-text-color\" style=\"font-size:24px\">Und wir sausen<\/p>\n\n\n\n<hr class=\"wp-block-separator has-text-color has-css-opacity has-background\" style=\"background-color:#ffffff;color:#ffffff\"\/>\n\n\n<div class=\"wp-block-image\">\n<figure class=\"aligncenter size-large\"><img loading=\"lazy\" decoding=\"async\" width=\"1024\" height=\"768\" src=\"https:\/\/snow-motion.ch\/Wordpress\/wp-content\/uploads\/2020\/02\/IMG_8636-1024x768.jpg\" alt=\"\" class=\"wp-image-674\" srcset=\"https:\/\/snow-motion.ch\/Wordpress\/wp-content\/uploads\/2020\/02\/IMG_8636-1024x768.jpg 1024w, https:\/\/snow-motion.ch\/Wordpress\/wp-content\/uploads\/2020\/02\/IMG_8636-300x225.jpg 300w, https:\/\/snow-motion.ch\/Wordpress\/wp-content\/uploads\/2020\/02\/IMG_8636-768x576.jpg 768w, https:\/\/snow-motion.ch\/Wordpress\/wp-content\/uploads\/2020\/02\/IMG_8636-1536x1152.jpg 1536w, https:\/\/snow-motion.ch\/Wordpress\/wp-content\/uploads\/2020\/02\/IMG_8636-2048x1536.jpg 2048w\" sizes=\"auto, (max-width: 709px) 85vw, (max-width: 909px) 67vw, (max-width: 1362px) 62vw, 840px\" \/><\/figure>\n<\/div>\n\n\n<p class=\"has-text-align-center has-pale-cyan-blue-color has-text-color\" style=\"font-size:24px\">Leila, herzlichen Gl\u00fcckwunsch zum 2. Rang<\/p>\n\n\n\n<hr class=\"wp-block-separator has-text-color has-css-opacity has-background is-style-default\" style=\"background-color:#ffffff;color:#ffffff\"\/>\n\n\n<div class=\"wp-block-image\">\n<figure class=\"aligncenter size-large\"><img loading=\"lazy\" decoding=\"async\" width=\"1024\" height=\"768\" src=\"https:\/\/snow-motion.ch\/Wordpress\/wp-content\/uploads\/2019\/12\/UNADJUSTEDNONRAW_thumb_2113-1.jpg\" alt=\"\" class=\"wp-image-211\" srcset=\"https:\/\/snow-motion.ch\/Wordpress\/wp-content\/uploads\/2019\/12\/UNADJUSTEDNONRAW_thumb_2113-1.jpg 1024w, https:\/\/snow-motion.ch\/Wordpress\/wp-content\/uploads\/2019\/12\/UNADJUSTEDNONRAW_thumb_2113-1-300x225.jpg 300w, https:\/\/snow-motion.ch\/Wordpress\/wp-content\/uploads\/2019\/12\/UNADJUSTEDNONRAW_thumb_2113-1-768x576.jpg 768w\" sizes=\"auto, (max-width: 709px) 85vw, (max-width: 909px) 67vw, (max-width: 1362px) 62vw, 840px\" \/><\/figure>\n<\/div>\n\n\n<p class=\"has-text-align-center has-pale-cyan-blue-color has-text-color\" style=\"font-size:24px\">Viel Spass f\u00fcr Alle<\/p>\n\n\n\n<hr class=\"wp-block-separator has-text-color has-css-opacity has-background\" style=\"background-color:#ffffff;color:#ffffff\"\/>\n\n\n<div class=\"wp-block-image\">\n<figure class=\"aligncenter size-large\"><img loading=\"lazy\" decoding=\"async\" width=\"1024\" height=\"498\" src=\"https:\/\/snow-motion.ch\/Wordpress\/wp-content\/uploads\/2019\/12\/20190220_142850-1024x498.jpg\" alt=\"\" class=\"wp-image-138\" srcset=\"https:\/\/snow-motion.ch\/Wordpress\/wp-content\/uploads\/2019\/12\/20190220_142850-1024x498.jpg 1024w, https:\/\/snow-motion.ch\/Wordpress\/wp-content\/uploads\/2019\/12\/20190220_142850-300x146.jpg 300w, https:\/\/snow-motion.ch\/Wordpress\/wp-content\/uploads\/2019\/12\/20190220_142850-768x373.jpg 768w, https:\/\/snow-motion.ch\/Wordpress\/wp-content\/uploads\/2019\/12\/20190220_142850-1536x747.jpg 1536w, https:\/\/snow-motion.ch\/Wordpress\/wp-content\/uploads\/2019\/12\/20190220_142850-2048x996.jpg 2048w\" sizes=\"auto, (max-width: 709px) 85vw, (max-width: 909px) 67vw, (max-width: 1362px) 62vw, 840px\" \/><\/figure>\n<\/div>\n\n\n<p class=\"has-text-align-center has-pale-cyan-blue-color has-text-color\" style=\"font-size:24px\">Ohne Worte<\/p>\n\n\n\n<hr class=\"wp-block-separator has-text-color has-css-opacity has-background\" style=\"background-color:#ffffff;color:#ffffff\"\/>\n\n\n<div class=\"wp-block-image\">\n<figure class=\"aligncenter size-large\"><img loading=\"lazy\" decoding=\"async\" width=\"1024\" height=\"576\" src=\"https:\/\/snow-motion.ch\/Wordpress\/wp-content\/uploads\/2019\/12\/f3d43f0d-4bdb-41cb-8c21-f9d5398de238-1024x576.jpg\" alt=\"\" class=\"wp-image-278\" srcset=\"https:\/\/snow-motion.ch\/Wordpress\/wp-content\/uploads\/2019\/12\/f3d43f0d-4bdb-41cb-8c21-f9d5398de238-1024x576.jpg 1024w, https:\/\/snow-motion.ch\/Wordpress\/wp-content\/uploads\/2019\/12\/f3d43f0d-4bdb-41cb-8c21-f9d5398de238-300x169.jpg 300w, https:\/\/snow-motion.ch\/Wordpress\/wp-content\/uploads\/2019\/12\/f3d43f0d-4bdb-41cb-8c21-f9d5398de238-768x432.jpg 768w, https:\/\/snow-motion.ch\/Wordpress\/wp-content\/uploads\/2019\/12\/f3d43f0d-4bdb-41cb-8c21-f9d5398de238-1536x864.jpg 1536w, https:\/\/snow-motion.ch\/Wordpress\/wp-content\/uploads\/2019\/12\/f3d43f0d-4bdb-41cb-8c21-f9d5398de238.jpg 1600w\" sizes=\"auto, (max-width: 709px) 85vw, (max-width: 909px) 67vw, (max-width: 1362px) 62vw, 840px\" \/><\/figure>\n<\/div>\n\n\n<p class=\"has-text-align-center has-pale-cyan-blue-color has-text-color\" style=\"font-size:24px\">Gemeinsam den Bergwinter erleben<\/p>\n\n\n\n<hr class=\"wp-block-separator has-text-color has-css-opacity has-background\" style=\"background-color:#ffffff;color:#ffffff\"\/>\n\n\n<div class=\"wp-block-image\">\n<figure class=\"aligncenter size-large\"><img loading=\"lazy\" decoding=\"async\" width=\"559\" height=\"1024\" src=\"https:\/\/snow-motion.ch\/Wordpress\/wp-content\/uploads\/2019\/12\/Bildschirmfoto-2019-12-15-um-22.41.44-559x1024.png\" alt=\"\" class=\"wp-image-302\" srcset=\"https:\/\/snow-motion.ch\/Wordpress\/wp-content\/uploads\/2019\/12\/Bildschirmfoto-2019-12-15-um-22.41.44-559x1024.png 559w, https:\/\/snow-motion.ch\/Wordpress\/wp-content\/uploads\/2019\/12\/Bildschirmfoto-2019-12-15-um-22.41.44-164x300.png 164w, https:\/\/snow-motion.ch\/Wordpress\/wp-content\/uploads\/2019\/12\/Bildschirmfoto-2019-12-15-um-22.41.44.png 766w\" sizes=\"auto, (max-width: 559px) 85vw, 559px\" \/><\/figure>\n<\/div>\n\n\n<p class=\"has-text-align-center has-pale-cyan-blue-color has-text-color\" style=\"font-size:24px\">Entspannen<\/p>\n\n\n\n<hr class=\"wp-block-separator has-text-color has-css-opacity has-background\" style=\"background-color:#ffffff;color:#ffffff\"\/>\n\n\n\n<figure class=\"wp-block-video aligncenter\"><video height=\"352\" style=\"aspect-ratio: 640 \/ 352;\" width=\"640\" controls src=\"https:\/\/snow-motion.ch\/Wordpress\/wp-content\/uploads\/2019\/12\/6457982e-6f45-4500-aaef-1f7d225b2d06.mp4\" playsinline><\/video><\/figure>\n\n\n\n<p class=\"has-text-align-center has-pale-cyan-blue-color has-text-color\" style=\"font-size:24px\">Lebensfreude<\/p>\n\n\n\n<hr class=\"wp-block-separator has-text-color has-css-opacity has-background\" style=\"background-color:#ffffff;color:#ffffff\"\/>\n\n\n<div class=\"wp-block-image\">\n<figure class=\"aligncenter size-large\"><img loading=\"lazy\" decoding=\"async\" width=\"1024\" height=\"576\" src=\"https:\/\/snow-motion.ch\/Wordpress\/wp-content\/uploads\/2024\/12\/4a9cb7b4-62d2-4502-9af9-280f7c508bcc-1024x576.jpg\" alt=\"\" class=\"wp-image-755\" srcset=\"https:\/\/snow-motion.ch\/Wordpress\/wp-content\/uploads\/2024\/12\/4a9cb7b4-62d2-4502-9af9-280f7c508bcc-1024x576.jpg 1024w, https:\/\/snow-motion.ch\/Wordpress\/wp-content\/uploads\/2024\/12\/4a9cb7b4-62d2-4502-9af9-280f7c508bcc-300x169.jpg 300w, https:\/\/snow-motion.ch\/Wordpress\/wp-content\/uploads\/2024\/12\/4a9cb7b4-62d2-4502-9af9-280f7c508bcc-768x432.jpg 768w, https:\/\/snow-motion.ch\/Wordpress\/wp-content\/uploads\/2024\/12\/4a9cb7b4-62d2-4502-9af9-280f7c508bcc-1536x864.jpg 1536w, https:\/\/snow-motion.ch\/Wordpress\/wp-content\/uploads\/2024\/12\/4a9cb7b4-62d2-4502-9af9-280f7c508bcc-1200x675.jpg 1200w, https:\/\/snow-motion.ch\/Wordpress\/wp-content\/uploads\/2024\/12\/4a9cb7b4-62d2-4502-9af9-280f7c508bcc.jpg 1600w\" sizes=\"auto, (max-width: 709px) 85vw, (max-width: 909px) 67vw, (max-width: 1362px) 62vw, 840px\" \/><\/figure>\n<\/div>\n\n<div class=\"wp-block-image\">\n<figure class=\"aligncenter size-large\"><img loading=\"lazy\" decoding=\"async\" width=\"1024\" height=\"768\" src=\"https:\/\/snow-motion.ch\/Wordpress\/wp-content\/uploads\/2019\/12\/IMG_0020-1024x768.jpeg\" alt=\"\" class=\"wp-image-279\" srcset=\"https:\/\/snow-motion.ch\/Wordpress\/wp-content\/uploads\/2019\/12\/IMG_0020-1024x768.jpeg 1024w, https:\/\/snow-motion.ch\/Wordpress\/wp-content\/uploads\/2019\/12\/IMG_0020-300x225.jpeg 300w, https:\/\/snow-motion.ch\/Wordpress\/wp-content\/uploads\/2019\/12\/IMG_0020-768x576.jpeg 768w, https:\/\/snow-motion.ch\/Wordpress\/wp-content\/uploads\/2019\/12\/IMG_0020-1536x1152.jpeg 1536w, https:\/\/snow-motion.ch\/Wordpress\/wp-content\/uploads\/2019\/12\/IMG_0020.jpeg 2048w\" sizes=\"auto, (max-width: 709px) 85vw, (max-width: 909px) 67vw, (max-width: 1362px) 62vw, 840px\" \/><\/figure>\n<\/div>\n\n<div class=\"wp-block-image\">\n<figure class=\"aligncenter size-large\"><img loading=\"lazy\" decoding=\"async\" width=\"908\" height=\"652\" src=\"https:\/\/snow-motion.ch\/Wordpress\/wp-content\/uploads\/2019\/12\/Bildschirmfoto-2019-12-14-um-12.12.53.png\" alt=\"\" class=\"wp-image-214\" srcset=\"https:\/\/snow-motion.ch\/Wordpress\/wp-content\/uploads\/2019\/12\/Bildschirmfoto-2019-12-14-um-12.12.53.png 908w, https:\/\/snow-motion.ch\/Wordpress\/wp-content\/uploads\/2019\/12\/Bildschirmfoto-2019-12-14-um-12.12.53-300x215.png 300w, https:\/\/snow-motion.ch\/Wordpress\/wp-content\/uploads\/2019\/12\/Bildschirmfoto-2019-12-14-um-12.12.53-768x551.png 768w\" sizes=\"auto, (max-width: 709px) 85vw, (max-width: 909px) 67vw, (max-width: 1362px) 62vw, 840px\" \/><\/figure>\n<\/div>\n\n\n<p class=\"has-text-align-center has-pale-cyan-blue-color has-text-color\" style=\"font-size:24px\">Herzlichen Dank f\u00fcr Ihr Interesse <\/p>\n","protected":false},"excerpt":{"rendered":"<p>SportArt Lernen \u00dcbung macht den Meister Neues Wagen Und wir sausen Leila, herzlichen Gl\u00fcckwunsch zum 2. Rang Viel Spass f\u00fcr Alle Ohne Worte Gemeinsam den Bergwinter erleben Entspannen Lebensfreude Herzlichen Dank f\u00fcr Ihr Interesse<\/p>\n","protected":false},"author":1,"featured_media":0,"parent":0,"menu_order":0,"comment_status":"closed","ping_status":"closed","template":"","meta":{"ngg_post_thumbnail":0,"footnotes":""},"class_list":["post-57","page","type-page","status-publish","hentry"],"_links":{"self":[{"href":"https:\/\/snow-motion.ch\/Wordpress\/index.php?rest_route=\/wp\/v2\/pages\/57","targetHints":{"allow":["GET"]}}],"collection":[{"href":"https:\/\/snow-motion.ch\/Wordpress\/index.php?rest_route=\/wp\/v2\/pages"}],"about":[{"href":"https:\/\/snow-motion.ch\/Wordpress\/index.php?rest_route=\/wp\/v2\/types\/page"}],"author":[{"embeddable":true,"href":"https:\/\/snow-motion.ch\/Wordpress\/index.php?rest_route=\/wp\/v2\/users\/1"}],"replies":[{"embeddable":true,"href":"https:\/\/snow-motion.ch\/Wordpress\/index.php?rest_route=%2Fwp%2Fv2%2Fcomments&post=57"}],"version-history":[{"count":57,"href":"https:\/\/snow-motion.ch\/Wordpress\/index.php?rest_route=\/wp\/v2\/pages\/57\/revisions"}],"predecessor-version":[{"id":757,"href":"https:\/\/snow-motion.ch\/Wordpress\/index.php?rest_route=\/wp\/v2\/pages\/57\/revisions\/757"}],"wp:attachment":[{"href":"https:\/\/snow-motion.ch\/Wordpress\/index.php?rest_route=%2Fwp%2Fv2%2Fmedia&parent=57"}],"curies":[{"name":"wp","href":"https:\/\/api.w.org\/{rel}","templated":true}]}}