{"id":5,"date":"2019-12-08T11:53:24","date_gmt":"2019-12-08T11:53:24","guid":{"rendered":"https:\/\/snow-motion.ch\/?page_id=5"},"modified":"2025-12-18T20:32:28","modified_gmt":"2025-12-18T20:32:28","slug":"startseite","status":"publish","type":"page","link":"https:\/\/snow-motion.ch\/Wordpress\/","title":{"rendered":""},"content":{"rendered":"\n<figure class=\"wp-block-image size-large is-resized\"><img loading=\"lazy\" decoding=\"async\" width=\"1024\" height=\"532\" src=\"https:\/\/snow-motion.ch\/Wordpress\/wp-content\/uploads\/2022\/12\/Aktuelles-Logo-2022-1024x532.png\" alt=\"\" class=\"wp-image-716\" style=\"width:617px;height:321px\" srcset=\"https:\/\/snow-motion.ch\/Wordpress\/wp-content\/uploads\/2022\/12\/Aktuelles-Logo-2022-1024x532.png 1024w, https:\/\/snow-motion.ch\/Wordpress\/wp-content\/uploads\/2022\/12\/Aktuelles-Logo-2022-300x156.png 300w, https:\/\/snow-motion.ch\/Wordpress\/wp-content\/uploads\/2022\/12\/Aktuelles-Logo-2022-768x399.png 768w, https:\/\/snow-motion.ch\/Wordpress\/wp-content\/uploads\/2022\/12\/Aktuelles-Logo-2022-1536x798.png 1536w, https:\/\/snow-motion.ch\/Wordpress\/wp-content\/uploads\/2022\/12\/Aktuelles-Logo-2022-1200x623.png 1200w, https:\/\/snow-motion.ch\/Wordpress\/wp-content\/uploads\/2022\/12\/Aktuelles-Logo-2022.png 1818w\" sizes=\"auto, (max-width: 709px) 85vw, (max-width: 909px) 67vw, (max-width: 1362px) 62vw, 840px\" \/><\/figure>\n\n\n\n<div class=\"wp-block-group\"><div class=\"wp-block-group__inner-container is-layout-flow wp-block-group-is-layout-flow\">\n<figure class=\"wp-block-gallery has-nested-images columns-default is-cropped wp-block-gallery-1 is-layout-flex wp-block-gallery-is-layout-flex\">\n<figure class=\"wp-block-image\"><img loading=\"lazy\" decoding=\"async\" width=\"1024\" height=\"807\" data-id=\"92\" src=\"https:\/\/snow-motion.ch\/Wordpress\/wp-content\/uploads\/2019\/12\/IMG_2530-1024x807.jpeg\" alt=\"\" class=\"wp-image-92\" srcset=\"https:\/\/snow-motion.ch\/Wordpress\/wp-content\/uploads\/2019\/12\/IMG_2530-1024x807.jpeg 1024w, https:\/\/snow-motion.ch\/Wordpress\/wp-content\/uploads\/2019\/12\/IMG_2530-300x236.jpeg 300w, https:\/\/snow-motion.ch\/Wordpress\/wp-content\/uploads\/2019\/12\/IMG_2530-768x605.jpeg 768w, https:\/\/snow-motion.ch\/Wordpress\/wp-content\/uploads\/2019\/12\/IMG_2530-1536x1210.jpeg 1536w, https:\/\/snow-motion.ch\/Wordpress\/wp-content\/uploads\/2019\/12\/IMG_2530-2048x1614.jpeg 2048w\" sizes=\"auto, (max-width: 709px) 85vw, (max-width: 909px) 67vw, (max-width: 1362px) 62vw, 840px\" \/><\/figure>\n\n\n\n<figure class=\"wp-block-image\"><img loading=\"lazy\" decoding=\"async\" width=\"1024\" height=\"807\" data-id=\"94\" src=\"https:\/\/snow-motion.ch\/Wordpress\/wp-content\/uploads\/2019\/12\/IMG_74632-1024x807.jpg\" alt=\"\" class=\"wp-image-94\" srcset=\"https:\/\/snow-motion.ch\/Wordpress\/wp-content\/uploads\/2019\/12\/IMG_74632-1024x807.jpg 1024w, https:\/\/snow-motion.ch\/Wordpress\/wp-content\/uploads\/2019\/12\/IMG_74632-300x236.jpg 300w, https:\/\/snow-motion.ch\/Wordpress\/wp-content\/uploads\/2019\/12\/IMG_74632-768x605.jpg 768w, https:\/\/snow-motion.ch\/Wordpress\/wp-content\/uploads\/2019\/12\/IMG_74632-1536x1210.jpg 1536w, https:\/\/snow-motion.ch\/Wordpress\/wp-content\/uploads\/2019\/12\/IMG_74632-2048x1614.jpg 2048w\" sizes=\"auto, (max-width: 709px) 85vw, (max-width: 909px) 67vw, (max-width: 1362px) 62vw, 840px\" \/><\/figure>\n<\/figure>\n<\/div><\/div>\n\n\n\n<hr class=\"wp-block-separator has-text-color has-css-opacity has-background\" style=\"background-color:#ffffff;color:#ffffff\"\/>\n\n\n\n<figure class=\"wp-block-image size-large is-resized\"><img loading=\"lazy\" decoding=\"async\" width=\"1024\" height=\"262\" src=\"https:\/\/snow-motion.ch\/Wordpress\/wp-content\/uploads\/2020\/01\/S\u00f6renberg-1024x262.png\" alt=\"\" class=\"wp-image-598\" style=\"width:161px;height:41px\" srcset=\"https:\/\/snow-motion.ch\/Wordpress\/wp-content\/uploads\/2020\/01\/S\u00f6renberg-1024x262.png 1024w, https:\/\/snow-motion.ch\/Wordpress\/wp-content\/uploads\/2020\/01\/S\u00f6renberg-300x77.png 300w, https:\/\/snow-motion.ch\/Wordpress\/wp-content\/uploads\/2020\/01\/S\u00f6renberg-768x196.png 768w, https:\/\/snow-motion.ch\/Wordpress\/wp-content\/uploads\/2020\/01\/S\u00f6renberg.png 1075w\" sizes=\"auto, (max-width: 709px) 85vw, (max-width: 909px) 67vw, (max-width: 1362px) 62vw, 840px\" \/><\/figure>\n\n\n\n<h1 style=\"color:white;\">S\u00f6renberg Fl\u00fchli Ski Schule Privat Unterricht Eveline Berg Handicap K\u00f6rper Geistig Seh Behindert geh\u00f6rlos Kind Sport Lehrerin Alpin dual Bob sitzend gef\u00fchrt PluSport guide teacher <\/h1>\n","protected":false},"excerpt":{"rendered":"<p>S\u00f6renberg Fl\u00fchli Ski Schule Privat Unterricht Eveline Berg Handicap K\u00f6rper Geistig Seh Behindert geh\u00f6rlos Kind Sport Lehrerin Alpin dual Bob sitzend gef\u00fchrt PluSport guide teacher<\/p>\n","protected":false},"author":1,"featured_media":0,"parent":0,"menu_order":0,"comment_status":"closed","ping_status":"closed","template":"","meta":{"ngg_post_thumbnail":0,"footnotes":""},"class_list":["post-5","page","type-page","status-publish","hentry"],"_links":{"self":[{"href":"https:\/\/snow-motion.ch\/Wordpress\/index.php?rest_route=\/wp\/v2\/pages\/5","targetHints":{"allow":["GET"]}}],"collection":[{"href":"https:\/\/snow-motion.ch\/Wordpress\/index.php?rest_route=\/wp\/v2\/pages"}],"about":[{"href":"https:\/\/snow-motion.ch\/Wordpress\/index.php?rest_route=\/wp\/v2\/types\/page"}],"author":[{"embeddable":true,"href":"https:\/\/snow-motion.ch\/Wordpress\/index.php?rest_route=\/wp\/v2\/users\/1"}],"replies":[{"embeddable":true,"href":"https:\/\/snow-motion.ch\/Wordpress\/index.php?rest_route=%2Fwp%2Fv2%2Fcomments&post=5"}],"version-history":[{"count":69,"href":"https:\/\/snow-motion.ch\/Wordpress\/index.php?rest_route=\/wp\/v2\/pages\/5\/revisions"}],"predecessor-version":[{"id":825,"href":"https:\/\/snow-motion.ch\/Wordpress\/index.php?rest_route=\/wp\/v2\/pages\/5\/revisions\/825"}],"wp:attachment":[{"href":"https:\/\/snow-motion.ch\/Wordpress\/index.php?rest_route=%2Fwp%2Fv2%2Fmedia&parent=5"}],"curies":[{"name":"wp","href":"https:\/\/api.w.org\/{rel}","templated":true}]}}