{"id":36,"date":"2019-12-08T15:57:16","date_gmt":"2019-12-08T15:57:16","guid":{"rendered":"https:\/\/snow-motion.ch\/Wordpress\/?page_id=36"},"modified":"2025-12-18T20:37:03","modified_gmt":"2025-12-18T20:37:03","slug":"aktuell","status":"publish","type":"page","link":"https:\/\/snow-motion.ch\/Wordpress\/?page_id=36","title":{"rendered":"Angebot"},"content":{"rendered":"\n<div class=\"wp-block-columns is-layout-flex wp-container-core-columns-is-layout-9d6595d7 wp-block-columns-is-layout-flex\">\n<div class=\"wp-block-column is-layout-flow wp-block-column-is-layout-flow\">\n<figure class=\"wp-block-image size-large is-resized\"><img loading=\"lazy\" decoding=\"async\" width=\"1024\" height=\"768\" src=\"https:\/\/snow-motion.ch\/Wordpress\/wp-content\/uploads\/2024\/12\/IMG_8931-1024x768.jpg\" alt=\"\" class=\"wp-image-750\" style=\"width:589px;height:441px\" srcset=\"https:\/\/snow-motion.ch\/Wordpress\/wp-content\/uploads\/2024\/12\/IMG_8931-1024x768.jpg 1024w, https:\/\/snow-motion.ch\/Wordpress\/wp-content\/uploads\/2024\/12\/IMG_8931-300x225.jpg 300w, https:\/\/snow-motion.ch\/Wordpress\/wp-content\/uploads\/2024\/12\/IMG_8931-768x576.jpg 768w, https:\/\/snow-motion.ch\/Wordpress\/wp-content\/uploads\/2024\/12\/IMG_8931-1536x1152.jpg 1536w, https:\/\/snow-motion.ch\/Wordpress\/wp-content\/uploads\/2024\/12\/IMG_8931-2048x1536.jpg 2048w, https:\/\/snow-motion.ch\/Wordpress\/wp-content\/uploads\/2024\/12\/IMG_8931-1200x900.jpg 1200w\" sizes=\"auto, (max-width: 709px) 85vw, (max-width: 909px) 67vw, (max-width: 1362px) 62vw, 840px\" \/><\/figure>\n<\/div>\n\n\n\n<div class=\"wp-block-column is-vertically-aligned-top is-layout-flow wp-block-column-is-layout-flow\">\n<p class=\"has-text-align-center has-very-dark-gray-color has-text-color has-background has-regular-font-size\" style=\"background-color:#d4dae5\"><strong>Skifahren ohne Handicap!<\/strong><\/p>\n\n\n\n<p class=\"has-text-align-center has-very-dark-gray-color has-text-color has-background has-regular-font-size\" style=\"background-color:#d4dae5\"><strong>                                                                                                       blau-rot-schwarz<br>&nbsp;Sicheres Skifahren Lernen<br>auf allen Pisten<br>&nbsp;mit<br>Spass und Leichtigkeit<br>&nbsp;f\u00fcr<br>Alle mit und ohne Handicap<br>&nbsp;Einsteiger<br>Wiedereinsteiger<br>Fortgeschrittene<\/strong>                           <strong>zum                                                                                                                 Verfeinern Ihrer Technik<br>Jedes Alter<\/strong><\/p>\n<\/div>\n<\/div>\n\n\n\n<div class=\"wp-block-columns is-layout-flex wp-container-core-columns-is-layout-9d6595d7 wp-block-columns-is-layout-flex\">\n<div class=\"wp-block-column is-layout-flow wp-block-column-is-layout-flow\">\n<p class=\"has-text-align-center has-very-dark-gray-color has-text-color has-background\" style=\"background-color:#d4dae5\"><strong>Mit ansteckender Freude, fachlicher und menschlicher Kompetenz, unterst\u00fctze ich individuelles     Lernen.<\/strong><br>                                                                         Einzeln oder in Kleingruppen habe ich die M\u00f6glichkeit<br>mit gen\u00fcgend Zeit und Empathie auf Ihre besonderen Bed\u00fcrfnisse und W\u00fcnsche einzugehen.<\/p>\n<\/div>\n\n\n\n<div class=\"wp-block-column is-layout-flow wp-block-column-is-layout-flow\">\n<p class=\"has-text-align-center has-very-dark-gray-color has-text-color has-background has-regular-font-size\" style=\"background-color:#d4dae5\"><strong>F\u00fcr Menschen mit Handicap<br>stehend, oder sitzend im Dualskibob gef\u00fchrt<\/strong>.<br>&nbsp;Beim Lernen steht nicht Ihr Handicap im Vordergrund.<br>Gemeinsam richten wir den Fokus auf Ihre pers\u00f6nlichen<br>M\u00f6glichkeiten und erforschen spielerisch Ihre Resourcen.<\/p>\n<\/div>\n<\/div>\n","protected":false},"excerpt":{"rendered":"<p>Skifahren ohne Handicap! blau-rot-schwarz&nbsp;Sicheres Skifahren Lernenauf allen Pisten&nbsp;mitSpass und Leichtigkeit&nbsp;f\u00fcrAlle mit und ohne Handicap&nbsp;EinsteigerWiedereinsteigerFortgeschrittene zum Verfeinern Ihrer TechnikJedes Alter Mit ansteckender Freude, fachlicher und menschlicher Kompetenz, unterst\u00fctze ich individuelles Lernen. Einzeln oder in Kleingruppen habe ich die M\u00f6glichkeitmit gen\u00fcgend Zeit und Empathie auf Ihre besonderen Bed\u00fcrfnisse und W\u00fcnsche einzugehen. F\u00fcr Menschen mit Handicapstehend, oder sitzend &hellip; <a href=\"https:\/\/snow-motion.ch\/Wordpress\/?page_id=36\" class=\"more-link\"><span class=\"screen-reader-text\">\u201eAngebot\u201c <\/span>weiterlesen<\/a><\/p>\n","protected":false},"author":1,"featured_media":0,"parent":0,"menu_order":0,"comment_status":"closed","ping_status":"closed","template":"","meta":{"ngg_post_thumbnail":0,"footnotes":""},"class_list":["post-36","page","type-page","status-publish","hentry"],"_links":{"self":[{"href":"https:\/\/snow-motion.ch\/Wordpress\/index.php?rest_route=\/wp\/v2\/pages\/36","targetHints":{"allow":["GET"]}}],"collection":[{"href":"https:\/\/snow-motion.ch\/Wordpress\/index.php?rest_route=\/wp\/v2\/pages"}],"about":[{"href":"https:\/\/snow-motion.ch\/Wordpress\/index.php?rest_route=\/wp\/v2\/types\/page"}],"author":[{"embeddable":true,"href":"https:\/\/snow-motion.ch\/Wordpress\/index.php?rest_route=\/wp\/v2\/users\/1"}],"replies":[{"embeddable":true,"href":"https:\/\/snow-motion.ch\/Wordpress\/index.php?rest_route=%2Fwp%2Fv2%2Fcomments&post=36"}],"version-history":[{"count":104,"href":"https:\/\/snow-motion.ch\/Wordpress\/index.php?rest_route=\/wp\/v2\/pages\/36\/revisions"}],"predecessor-version":[{"id":826,"href":"https:\/\/snow-motion.ch\/Wordpress\/index.php?rest_route=\/wp\/v2\/pages\/36\/revisions\/826"}],"wp:attachment":[{"href":"https:\/\/snow-motion.ch\/Wordpress\/index.php?rest_route=%2Fwp%2Fv2%2Fmedia&parent=36"}],"curies":[{"name":"wp","href":"https:\/\/api.w.org\/{rel}","templated":true}]}}