{"id":13,"date":"2019-12-08T12:00:21","date_gmt":"2019-12-08T12:00:21","guid":{"rendered":"https:\/\/snow-motion.ch\/Wordpress\/?page_id=13"},"modified":"2022-01-30T16:23:35","modified_gmt":"2022-01-30T16:23:35","slug":"kontakt","status":"publish","type":"page","link":"https:\/\/snow-motion.ch\/Wordpress\/?page_id=13","title":{"rendered":"Kontakt"},"content":{"rendered":"\n<h4 class=\"has-pale-cyan-blue-color has-text-color wp-block-heading\" id=\"ich-freue-mich-uber-ihren-anruf-oder-ihre-mail\"><strong>Ich freue mich \u00fcber Ihren Anruf oder Ihre Mail!<\/strong><\/h4>\n\n\n\n<p class=\"has-very-dark-gray-color has-text-color has-regular-font-size\">Snow Motion<br>Private SkischulE. Berg<br>Eveline Berg<br>Oberfl\u00fchli 3<br>6173 Fl\u00fchli<br><br>+41 (0)78 686 62 88<br>berg@snow-motion.ch<br>www.snow-motion.ch<\/p>\n\n\n\n\n<div class=\"wpcf7 no-js\" id=\"wpcf7-f4-o1\" lang=\"de-DE\" dir=\"ltr\" data-wpcf7-id=\"4\">\n<div class=\"screen-reader-response\"><p role=\"status\" aria-live=\"polite\" aria-atomic=\"true\"><\/p> <ul><\/ul><\/div>\n<form action=\"\/Wordpress\/index.php?rest_route=%2Fwp%2Fv2%2Fpages%2F13#wpcf7-f4-o1\" method=\"post\" class=\"wpcf7-form init\" aria-label=\"Kontaktformular\" novalidate=\"novalidate\" data-status=\"init\">\n<fieldset class=\"hidden-fields-container\"><input type=\"hidden\" name=\"_wpcf7\" value=\"4\" \/><input type=\"hidden\" name=\"_wpcf7_version\" value=\"6.1.4\" \/><input type=\"hidden\" name=\"_wpcf7_locale\" value=\"de_DE\" \/><input type=\"hidden\" name=\"_wpcf7_unit_tag\" value=\"wpcf7-f4-o1\" \/><input type=\"hidden\" name=\"_wpcf7_container_post\" value=\"0\" \/><input type=\"hidden\" name=\"_wpcf7_posted_data_hash\" value=\"\" \/>\n<\/fieldset>\n<p><label> Your Name (required)<br \/>\n<span class=\"wpcf7-form-control-wrap\" data-name=\"your-name\"><input size=\"40\" maxlength=\"400\" class=\"wpcf7-form-control wpcf7-text wpcf7-validates-as-required\" aria-required=\"true\" aria-invalid=\"false\" value=\"\" type=\"text\" name=\"your-name\" \/><\/span> <\/label>\n<\/p>\n<p><label> Your Adress (required)<br \/>\n<span class=\"wpcf7-form-control-wrap\" data-name=\"text-326\"><input size=\"40\" maxlength=\"400\" class=\"wpcf7-form-control wpcf7-text wpcf7-validates-as-required\" aria-required=\"true\" aria-invalid=\"false\" value=\"\" type=\"text\" name=\"text-326\" \/><\/span> <\/label>\n<\/p>\n<p><label> Your PLZ and town (required)<br \/>\n<span class=\"wpcf7-form-control-wrap\" data-name=\"text-680\"><input size=\"40\" maxlength=\"400\" class=\"wpcf7-form-control wpcf7-text wpcf7-validates-as-required\" aria-required=\"true\" aria-invalid=\"false\" value=\"\" type=\"text\" name=\"text-680\" \/><\/span> <\/label>\n<\/p>\n<p><label> Your Email (required)<br \/>\n<span class=\"wpcf7-form-control-wrap\" data-name=\"your-email\"><input size=\"40\" maxlength=\"400\" class=\"wpcf7-form-control wpcf7-email wpcf7-validates-as-required wpcf7-text wpcf7-validates-as-email\" aria-required=\"true\" aria-invalid=\"false\" value=\"\" type=\"email\" name=\"your-email\" \/><\/span> <\/label>\n<\/p>\n<p><label> Your Mobile Number (required)<br \/>\n<span class=\"wpcf7-form-control-wrap\" data-name=\"tel-778\"><input size=\"40\" maxlength=\"400\" class=\"wpcf7-form-control wpcf7-tel wpcf7-validates-as-required wpcf7-text wpcf7-validates-as-tel\" aria-required=\"true\" aria-invalid=\"false\" value=\"\" type=\"tel\" name=\"tel-778\" \/><\/span> <\/label>\n<\/p>\n<p><label> Subject (required)<br \/>\n<span class=\"wpcf7-form-control-wrap\" data-name=\"your-subject\"><input size=\"40\" maxlength=\"400\" class=\"wpcf7-form-control wpcf7-text wpcf7-validates-as-required\" aria-required=\"true\" aria-invalid=\"false\" value=\"\" type=\"text\" name=\"your-subject\" \/><\/span> <\/label>\n<\/p>\n<p><label> Your Message (required)<br \/>\n<span class=\"wpcf7-form-control-wrap\" data-name=\"your-message\"><textarea cols=\"40\" rows=\"10\" maxlength=\"2000\" class=\"wpcf7-form-control wpcf7-textarea wpcf7-validates-as-required\" aria-required=\"true\" aria-invalid=\"false\" name=\"your-message\"><\/textarea><\/span> <\/label>\n<\/p>\n<p><input class=\"wpcf7-form-control wpcf7-submit has-spinner\" type=\"submit\" value=\"Send\" \/>\n<\/p><p style=\"display: none !important;\" class=\"akismet-fields-container\" data-prefix=\"_wpcf7_ak_\"><label>&#916;<textarea name=\"_wpcf7_ak_hp_textarea\" cols=\"45\" rows=\"8\" maxlength=\"100\"><\/textarea><\/label><input type=\"hidden\" id=\"ak_js_1\" name=\"_wpcf7_ak_js\" value=\"80\"\/><script>document.getElementById( \"ak_js_1\" ).setAttribute( \"value\", ( new Date() ).getTime() );<\/script><\/p><div class=\"wpcf7-response-output\" aria-hidden=\"true\"><\/div>\n<\/form>\n<\/div>\n\n","protected":false},"excerpt":{"rendered":"<p>Ich freue mich \u00fcber Ihren Anruf oder Ihre Mail! Snow MotionPrivate SkischulE. BergEveline BergOberfl\u00fchli 36173 Fl\u00fchli +41 (0)78 686 62 88berg@snow-motion.chwww.snow-motion.ch<\/p>\n","protected":false},"author":1,"featured_media":0,"parent":0,"menu_order":0,"comment_status":"closed","ping_status":"closed","template":"","meta":{"ngg_post_thumbnail":0,"footnotes":""},"class_list":["post-13","page","type-page","status-publish","hentry"],"_links":{"self":[{"href":"https:\/\/snow-motion.ch\/Wordpress\/index.php?rest_route=\/wp\/v2\/pages\/13","targetHints":{"allow":["GET"]}}],"collection":[{"href":"https:\/\/snow-motion.ch\/Wordpress\/index.php?rest_route=\/wp\/v2\/pages"}],"about":[{"href":"https:\/\/snow-motion.ch\/Wordpress\/index.php?rest_route=\/wp\/v2\/types\/page"}],"author":[{"embeddable":true,"href":"https:\/\/snow-motion.ch\/Wordpress\/index.php?rest_route=\/wp\/v2\/users\/1"}],"replies":[{"embeddable":true,"href":"https:\/\/snow-motion.ch\/Wordpress\/index.php?rest_route=%2Fwp%2Fv2%2Fcomments&post=13"}],"version-history":[{"count":25,"href":"https:\/\/snow-motion.ch\/Wordpress\/index.php?rest_route=\/wp\/v2\/pages\/13\/revisions"}],"predecessor-version":[{"id":689,"href":"https:\/\/snow-motion.ch\/Wordpress\/index.php?rest_route=\/wp\/v2\/pages\/13\/revisions\/689"}],"wp:attachment":[{"href":"https:\/\/snow-motion.ch\/Wordpress\/index.php?rest_route=%2Fwp%2Fv2%2Fmedia&parent=13"}],"curies":[{"name":"wp","href":"https:\/\/api.w.org\/{rel}","templated":true}]}}