{"id":124,"date":"2019-12-14T13:31:47","date_gmt":"2019-12-14T13:31:47","guid":{"rendered":"https:\/\/snow-motion.ch\/Wordpress\/?page_id=124"},"modified":"2020-01-09T18:53:02","modified_gmt":"2020-01-09T18:53:02","slug":"allgemeine-bedingungen","status":"publish","type":"page","link":"https:\/\/snow-motion.ch\/Wordpress\/?page_id=124","title":{"rendered":"Allgemeine Bedingungen"},"content":{"rendered":"\n<figure class=\"wp-block-image size-large is-resized\"><img loading=\"lazy\" decoding=\"async\" src=\"https:\/\/snow-motion.ch\/Wordpress\/wp-content\/uploads\/2019\/12\/Bildschirmfoto-2019-12-13-um-21.38.21.png\" alt=\"\" class=\"wp-image-139\" width=\"440\" height=\"440\" srcset=\"https:\/\/snow-motion.ch\/Wordpress\/wp-content\/uploads\/2019\/12\/Bildschirmfoto-2019-12-13-um-21.38.21.png 882w, https:\/\/snow-motion.ch\/Wordpress\/wp-content\/uploads\/2019\/12\/Bildschirmfoto-2019-12-13-um-21.38.21-300x300.png 300w, https:\/\/snow-motion.ch\/Wordpress\/wp-content\/uploads\/2019\/12\/Bildschirmfoto-2019-12-13-um-21.38.21-150x150.png 150w, https:\/\/snow-motion.ch\/Wordpress\/wp-content\/uploads\/2019\/12\/Bildschirmfoto-2019-12-13-um-21.38.21-768x770.png 768w\" sizes=\"auto, (max-width: 440px) 85vw, 440px\" \/><\/figure>\n\n\n\n<p class=\"has-text-color has-regular-font-size has-very-dark-gray-color\"><strong>Ausr\u00fcstung<\/strong><br>Kommen Sie mit guten, der Witterung entsprechenden Skikleidern, Skihelm, passenden Skischuhen und bfu gepr\u00fcften Skiern zum Unterricht.<br><br><strong>Reservation<\/strong><br>Melden Sie sich rechtzeitig, damit ich Ihren W\u00fcnschen m\u00f6glichst gerecht werden kann.<br>Gebuchte Lektionen (m\u00fcndlich, telefonisch, E-Mail, SMS, WhatsApp) gelten als Verbindlich.<br><br><strong>Annullierung<\/strong><br>Bis 1 Monat vor Unterrichtsbeginn kostenlos. <br>Bis 2 Wochen vor Unterrichtsbeginn werden 50% der Unterrichtskosten f\u00e4llig.<br>Bis 3 Tage vor Unterrichtsbeginn werden 80% der Unterrichtskosten f\u00e4llig.<br>Ab 3 Tage vor Unterrichtsbeginn werden 100% der Unterrichtskosten f\u00e4llig.<br><br><strong>R\u00fcckerstattung<\/strong><br>Lektionen, welche wegen Unfall oder Krankheit ausfallen, werden bei Vorweisen eines \u00e4rztlichen Zeugnisses entsprechend zur\u00fcck erstattet.<br>Aus anderen Gr\u00fcnden nicht besuchte Lektionen oder durch h\u00f6here Gewalt wie kein Schnee, Sturm, Lawinengefahr, Betriebsausfall der Bergbahnen, werden Ihnen als Gutschrift angerechnet.<br><br><strong>Versicherung<\/strong><br>Versicherung ist Sache der Teilnehmer. F\u00fcr Unf\u00e4lle, sowie Materialsch\u00e4den und Materialverlust w\u00e4hrend des Unterrichtes, haftet Snow Motion; Private SkischulE.Berg; Inhaberin Eveline Berg, nicht.<br><br><strong>Akzeptieren der allgemeinen Bedingungen<\/strong><br>Mit Ihrer Anmeldung best\u00e4tigen Sie von diesen Bedingungen Kenntnis zu haben.<br><br><strong>Gerichtsstand<\/strong><br>Es gilt das schweizerische Recht, Gerichtsstand Fl\u00fchli, Kanton Luzern<br><\/p>\n","protected":false},"excerpt":{"rendered":"<p>Ausr\u00fcstungKommen Sie mit guten, der Witterung entsprechenden Skikleidern, Skihelm, passenden Skischuhen und bfu gepr\u00fcften Skiern zum Unterricht. ReservationMelden Sie sich rechtzeitig, damit ich Ihren W\u00fcnschen m\u00f6glichst gerecht werden kann.Gebuchte Lektionen (m\u00fcndlich, telefonisch, E-Mail, SMS, WhatsApp) gelten als Verbindlich. AnnullierungBis 1 Monat vor Unterrichtsbeginn kostenlos. Bis 2 Wochen vor Unterrichtsbeginn werden 50% der Unterrichtskosten f\u00e4llig.Bis 3 &hellip; <a href=\"https:\/\/snow-motion.ch\/Wordpress\/?page_id=124\" class=\"more-link\"><span class=\"screen-reader-text\">\u201eAllgemeine Bedingungen\u201c <\/span>weiterlesen<\/a><\/p>\n","protected":false},"author":1,"featured_media":0,"parent":0,"menu_order":0,"comment_status":"closed","ping_status":"closed","template":"","meta":{"ngg_post_thumbnail":0,"footnotes":""},"class_list":["post-124","page","type-page","status-publish","hentry"],"_links":{"self":[{"href":"https:\/\/snow-motion.ch\/Wordpress\/index.php?rest_route=\/wp\/v2\/pages\/124","targetHints":{"allow":["GET"]}}],"collection":[{"href":"https:\/\/snow-motion.ch\/Wordpress\/index.php?rest_route=\/wp\/v2\/pages"}],"about":[{"href":"https:\/\/snow-motion.ch\/Wordpress\/index.php?rest_route=\/wp\/v2\/types\/page"}],"author":[{"embeddable":true,"href":"https:\/\/snow-motion.ch\/Wordpress\/index.php?rest_route=\/wp\/v2\/users\/1"}],"replies":[{"embeddable":true,"href":"https:\/\/snow-motion.ch\/Wordpress\/index.php?rest_route=%2Fwp%2Fv2%2Fcomments&post=124"}],"version-history":[{"count":18,"href":"https:\/\/snow-motion.ch\/Wordpress\/index.php?rest_route=\/wp\/v2\/pages\/124\/revisions"}],"predecessor-version":[{"id":632,"href":"https:\/\/snow-motion.ch\/Wordpress\/index.php?rest_route=\/wp\/v2\/pages\/124\/revisions\/632"}],"wp:attachment":[{"href":"https:\/\/snow-motion.ch\/Wordpress\/index.php?rest_route=%2Fwp%2Fv2%2Fmedia&parent=124"}],"curies":[{"name":"wp","href":"https:\/\/api.w.org\/{rel}","templated":true}]}}